{"id":18,"date":"2013-08-22T20:31:41","date_gmt":"2013-08-22T18:31:41","guid":{"rendered":"http:\/\/brflundvaster3.se\/?page_id=18"},"modified":"2025-10-02T17:22:02","modified_gmt":"2025-10-02T15:22:02","slug":"styrelse-och-revisorer","status":"publish","type":"page","link":"https:\/\/www.brflundvaster3.se\/?page_id=18","title":{"rendered":"Styrelse och revisorer"},"content":{"rendered":"<p>Styrelseledam\u00f6ter, suppleanter, valberedning och revisorer fr.o.m. 2025-05-13 intill dess n\u00e4sta ordinarie st\u00e4mma h\u00e5llits \u00e4r:<\/p>\n<h5><strong>Ledam\u00f6ter och suppleanter<\/strong><\/h5>\n<p><strong>Eva M\u00e5rtensson-Carlsson<\/strong>, <em>ordf\u00f6rande,<\/em> <em>trappa 10<br \/>\n<\/em><strong>Henrik Ekelin<\/strong>, <em>kass\u00f6r \/ vice ordf\u00f6rande, trappa 8<br \/>\n<\/em><strong>Inga Andersson<\/strong>, <em>sekreterare, trappa 14<br \/>\n<\/em><b>Michael Crona<\/b>,<em> ledamot, trappa 8<br \/>\n<\/em><em><strong>Alf Johansson<\/strong>, ledamot, trappa 8<\/em><em><br \/>\n<\/em><strong>Jeffrey Hsiung<\/strong>, <em>suppleant, trappa 10<\/em><\/p>\n<p>Du n\u00e5r oss p\u00e5 info(at)brflundvaster3(punkt)se.<br \/>\nAdressen \u00e4r inte klickbar f\u00f6r att undvika spam.<\/p>\n<h5><strong>Valberedning<\/strong><\/h5>\n<p><strong>Eva Svensson<\/strong>, trappa 14<strong><br \/>\nBirgitta Kj\u00f6llerstr\u00f6m<\/strong>, trappa 8<br \/>\n<strong>P\u00e4r Herbertsson<\/strong>, trappa 8<\/p>\n<h5><strong>F\u00f6reningens revisorer<\/strong><\/h5>\n<p style=\"font-weight: 400;\"><strong>Andr\u00e9a \u00c5kesson<br \/>\n<\/strong>Auktoriserad revisor<br \/>\nKPMG<br \/>\nNordenski\u00f6ldsgatan 8<br \/>\nBox 227<br \/>\n201 22 Malm\u00f6<\/p>\n","protected":false},"excerpt":{"rendered":"<p>Styrelseledam\u00f6ter, suppleanter, valberedning och revisorer fr.o.m. 2025-05-13 intill dess n\u00e4sta ordinarie st\u00e4mma h\u00e5llits \u00e4r: Ledam\u00f6ter och suppleanter Eva M\u00e5rtensson-Carlsson, ordf\u00f6rande, trappa 10 Henrik Ekelin, kass\u00f6r \/ vice ordf\u00f6rande, trappa 8 Inga Andersson, sekreterare, trappa 14 Michael Crona, ledamot, trappa 8 Alf Johansson, ledamot, trappa 8 Jeffrey Hsiung, suppleant, trappa 10 Du n\u00e5r oss p\u00e5 info(at)brflundvaster3(punkt)se. &hellip; <a href=\"https:\/\/www.brflundvaster3.se\/?page_id=18\" class=\"more-link\">Forts\u00e4tt l\u00e4sa <span class=\"screen-reader-text\">Styrelse och revisorer<\/span> <span class=\"meta-nav\">&rarr;<\/span><\/a><\/p>\n","protected":false},"author":1,"featured_media":0,"parent":10,"menu_order":0,"comment_status":"closed","ping_status":"closed","template":"","meta":[],"_links":{"self":[{"href":"https:\/\/www.brflundvaster3.se\/index.php?rest_route=\/wp\/v2\/pages\/18"}],"collection":[{"href":"https:\/\/www.brflundvaster3.se\/index.php?rest_route=\/wp\/v2\/pages"}],"about":[{"href":"https:\/\/www.brflundvaster3.se\/index.php?rest_route=\/wp\/v2\/types\/page"}],"author":[{"embeddable":true,"href":"https:\/\/www.brflundvaster3.se\/index.php?rest_route=\/wp\/v2\/users\/1"}],"replies":[{"embeddable":true,"href":"https:\/\/www.brflundvaster3.se\/index.php?rest_route=%2Fwp%2Fv2%2Fcomments&post=18"}],"version-history":[{"count":69,"href":"https:\/\/www.brflundvaster3.se\/index.php?rest_route=\/wp\/v2\/pages\/18\/revisions"}],"predecessor-version":[{"id":841,"href":"https:\/\/www.brflundvaster3.se\/index.php?rest_route=\/wp\/v2\/pages\/18\/revisions\/841"}],"up":[{"embeddable":true,"href":"https:\/\/www.brflundvaster3.se\/index.php?rest_route=\/wp\/v2\/pages\/10"}],"wp:attachment":[{"href":"https:\/\/www.brflundvaster3.se\/index.php?rest_route=%2Fwp%2Fv2%2Fmedia&parent=18"}],"curies":[{"name":"wp","href":"https:\/\/api.w.org\/{rel}","templated":true}]}}