{"id":20,"date":"2013-08-17T15:14:05","date_gmt":"2013-08-17T13:14:05","guid":{"rendered":"http:\/\/brflundvaster3.se\/?page_id=20"},"modified":"2023-01-30T10:19:45","modified_gmt":"2023-01-30T09:19:45","slug":"ekonomisk-forvaltning","status":"publish","type":"page","link":"https:\/\/www.brflundvaster3.se\/?page_id=20","title":{"rendered":"Ekonomisk f\u00f6rvaltning"},"content":{"rendered":"<h1><\/h1>\n<p><!-- .entry-header --><\/p>\n<div>\n<p><strong>F\u00f6reningens fakturaadress:<\/strong><\/p>\n<p>Brf Lund V\u00e4ster 3<br \/>\nNABO 24679, FE 258<br \/>\n105 69 Stockholm<\/p>\n<p>E-postadress f\u00f6r fakturor<br \/>\n<a href=\"mailto:pax0000@privatgirot.se\">pax0000@privatgirot.se<\/a><\/p>\n<p>Vid fr\u00e5gor kring fakturor till\/fr\u00e5n f\u00f6reningen h\u00e4nvisas till v\u00e5r ekonomiska f\u00f6rvaltare:<\/p>\n<p>Nabo AB<br \/>\nTel: 010 288 00 00<br \/>\nE-post <a href=\"mailto:support@nabo.se\">support@nabo.se<\/a><\/p>\n<p><strong><strong>Organisationsnummer<\/strong> <\/strong>769623-4579<br \/>\n<strong> Bankgiro<\/strong> 825-8766<\/p>\n<\/div>\n","protected":false},"excerpt":{"rendered":"<p>F\u00f6reningens fakturaadress: Brf Lund V\u00e4ster 3 NABO 24679, FE 258 105 69 Stockholm E-postadress f\u00f6r fakturor pax0000@privatgirot.se Vid fr\u00e5gor kring fakturor till\/fr\u00e5n f\u00f6reningen h\u00e4nvisas till v\u00e5r ekonomiska f\u00f6rvaltare: Nabo AB Tel: 010 288 00 00 E-post support@nabo.se Organisationsnummer 769623-4579 Bankgiro 825-8766<\/p>\n","protected":false},"author":1,"featured_media":0,"parent":10,"menu_order":0,"comment_status":"closed","ping_status":"closed","template":"","meta":[],"_links":{"self":[{"href":"https:\/\/www.brflundvaster3.se\/index.php?rest_route=\/wp\/v2\/pages\/20"}],"collection":[{"href":"https:\/\/www.brflundvaster3.se\/index.php?rest_route=\/wp\/v2\/pages"}],"about":[{"href":"https:\/\/www.brflundvaster3.se\/index.php?rest_route=\/wp\/v2\/types\/page"}],"author":[{"embeddable":true,"href":"https:\/\/www.brflundvaster3.se\/index.php?rest_route=\/wp\/v2\/users\/1"}],"replies":[{"embeddable":true,"href":"https:\/\/www.brflundvaster3.se\/index.php?rest_route=%2Fwp%2Fv2%2Fcomments&post=20"}],"version-history":[{"count":12,"href":"https:\/\/www.brflundvaster3.se\/index.php?rest_route=\/wp\/v2\/pages\/20\/revisions"}],"predecessor-version":[{"id":609,"href":"https:\/\/www.brflundvaster3.se\/index.php?rest_route=\/wp\/v2\/pages\/20\/revisions\/609"}],"up":[{"embeddable":true,"href":"https:\/\/www.brflundvaster3.se\/index.php?rest_route=\/wp\/v2\/pages\/10"}],"wp:attachment":[{"href":"https:\/\/www.brflundvaster3.se\/index.php?rest_route=%2Fwp%2Fv2%2Fmedia&parent=20"}],"curies":[{"name":"wp","href":"https:\/\/api.w.org\/{rel}","templated":true}]}}