{"id":22,"date":"2013-08-17T13:12:47","date_gmt":"2013-08-17T11:12:47","guid":{"rendered":"http:\/\/brflundvaster3.se\/?page_id=22"},"modified":"2026-04-08T16:08:48","modified_gmt":"2026-04-08T14:08:48","slug":"dokument","status":"publish","type":"page","link":"https:\/\/www.brflundvaster3.se\/?page_id=22","title":{"rendered":"Dokument"},"content":{"rendered":"<p><strong>Information<\/strong><\/p>\n<ul>\n<li><a href=\"https:\/\/www.brflundvaster3.se\/wp-content\/uploads\/2025\/03\/ABC-for-boende.pdf\" target=\"_blank\" rel=\"noopener\">ABC f\u00f6r boende<\/a>. I detta dokument kan du se vad som g\u00e4ller i f\u00f6reningen f\u00f6r avloppsspolning, garage, tr\u00e4dg\u00e5rdssk\u00f6tsel, \u00e5tervinning och mycket, mycket annat. Sju sidor nyttig l\u00e4sning.<\/li>\n<li><a href=\"https:\/\/www.brflundvaster3.se\/wp-content\/uploads\/2023\/10\/Vem-svarar-for-underhallet.pdf\">Vem ansvarar f\u00f6r underh\u00e5llet?<\/a><\/li>\n<li><a href=\"https:\/\/www.brflundvaster3.se\/wp-content\/uploads\/2026\/04\/Stadgar.pdf\" target=\"_blank\" rel=\"noopener noreferrer\">Stadgar<\/a>\u00a0 Stadgar som g\u00e4ller fr\u00e5n 2023-06-07<\/li>\n<li><a href=\"http:\/\/www.brflundvaster3.se\/\">Hj\u00e4rtstartare<\/a><\/li>\n<li><a href=\"http:\/\/www.brflundvaster3.se\/wp-content\/uploads\/2018\/04\/Trivsel-o-ordningsregler-Brf-LV3-mars2018.pdf\">Trivsel- och ordningsregler<\/a><\/li>\n<li><a href=\"https:\/\/www.brflundvaster3.se\/wp-content\/uploads\/2025\/04\/Energideklaration.pdf\">Energideklaration<\/a>. <i>Energideklarationen g\u00e4ller t.o.m. 2035-04-25<\/i><\/li>\n<li><a href=\"http:\/\/www.brflundvaster3.se\/?page_id=436\">Extra nycklar<\/a><\/li>\n<li><a href=\"http:\/\/www.brflundvaster3.se\/?page_id=367\">Insynsskydd p\u00e5 balkong<\/a><\/li>\n<li><a href=\"https:\/\/www.brflundvaster3.se\/?page_id=817\">Sk\u00f6tselp\u00e4rm<\/a><\/li>\n<\/ul>\n<p><strong>F\u00f6rs\u00e4kring<\/strong><\/p>\n<ul>\n<li><a href=\"https:\/\/www.brflundvaster3.se\/wp-content\/uploads\/2024\/06\/Forsakring-IF-Proinova.pdf\">F\u00f6rs\u00e4kringsbevis<\/a><\/li>\n<li><a href=\"https:\/\/www.brflundvaster3.se\/wp-content\/uploads\/2023\/06\/Villkorsdokument-Bostadsrattsforsakring-2023_1.pdf\">F\u00f6rs\u00e4kringsvillkor<\/a><\/li>\n<li><a href=\"https:\/\/www.brflundvaster3.se\/wp-content\/uploads\/2023\/10\/Brandbevis-Egendom-SP5194673-1-2-1.pdf\">Brandbevis-Egendom<\/a><\/li>\n<li><a href=\"https:\/\/www.brflundvaster3.se\/wp-content\/uploads\/2023\/10\/Forsakringscertifikat-Ansvar-SP5194673-1-2-2.pdf\">F\u00f6rs\u00e4kringscertifikat-Ansvar<\/a><\/li>\n<li><a href=\"https:\/\/www.brflundvaster3.se\/wp-content\/uploads\/2023\/10\/Forsakringscertifikat-Egendom-SP5194673-1-2-1.pdf\">F\u00f6rs\u00e4kringscertifikat-Egendom<\/a><\/li>\n<li><a href=\"https:\/\/www.brflundvaster3.se\/wp-content\/uploads\/2023\/10\/Forsakringscertifikat-Person-SP5194673-1-2-5.pdf\">F\u00f6rs\u00e4kringscertifikat-Person<\/a><\/li>\n<\/ul>\n<p><strong>\u00c5rsredovisningar<\/strong><\/p>\n<ul>\n<li><a href=\"https:\/\/www.brflundvaster3.se\/wp-content\/uploads\/2026\/04\/Arsredovisning-2025.pdf\">\u00c5rsredovisning 2025<\/a><\/li>\n<li><a href=\"https:\/\/www.brflundvaster3.se\/wp-content\/uploads\/2025\/05\/Brf-Lund-Vaster-3-Arsredovisning-2024.pdf\">\u00c5rsredovisning 2024<\/a><\/li>\n<li><a href=\"https:\/\/www.brflundvaster3.se\/wp-content\/uploads\/2024\/05\/Brf-Lund-Vaster-3-Arsredovisning-2023.pdf\">\u00c5rsredovisning 2023<\/a><\/li>\n<li><a href=\"https:\/\/www.brflundvaster3.se\/wp-content\/uploads\/2023\/05\/Brf-Lund-Vaster-3-Arsredovisning-2022-1.pdf\" target=\"_blank\" rel=\"noopener\">\u00c5rsredovisning 2022<\/a><\/li>\n<li><a href=\"https:\/\/www.brflundvaster3.se\/wp-content\/uploads\/2022\/05\/AR-RB-2021-Lund-Vaster-3.pdf\">\u00c5rsredovisning 2021<\/a><\/li>\n<li><a href=\"https:\/\/www.brflundvaster3.se\/wp-content\/uploads\/2021\/06\/AR-RB-2020-Brf-Lund-Vaster-3.pdf\">\u00c5rsredovisning 2020<\/a><\/li>\n<li><a href=\"https:\/\/www.brflundvaster3.se\/wp-content\/uploads\/2025\/04\/AR-RB-2019-Lund-Vaster-3.pdf\">\u00c5rsredovisning 2019<\/a><\/li>\n<li><a href=\"https:\/\/www.brflundvaster3.se\/wp-content\/uploads\/2025\/04\/AR-RB-2018-Lund-Vaster-3.pdf\">\u00c5rsredovisning 2018<\/a><\/li>\n<li><a href=\"https:\/\/www.brflundvaster3.se\/wp-content\/uploads\/2025\/04\/AR-RB-2017-Lund-Vaster-3.pdf\">\u00c5rsredovisning 2017<\/a><\/li>\n<li><a href=\"https:\/\/www.brflundvaster3.se\/wp-content\/uploads\/2025\/04\/AR-RB-2016-Lund-Vaster-3.pdf\">\u00c5rsredovisning 2016<\/a><\/li>\n<li><a href=\"https:\/\/www.brflundvaster3.se\/wp-content\/uploads\/2025\/04\/AR-RB-2015-Lund-Vaster-3.pdf\">\u00c5rsredovisning 2015<\/a><\/li>\n<li><a href=\"http:\/\/www.brflundvaster3.se\/wp-content\/uploads\/2013\/08\/\u00c5rsredovisning-2014-Brf-Lund-V\u00e4ster-3.pdf\">\u00c5rsredovisning 2014<\/a><\/li>\n<li><a href=\"http:\/\/brflundvaster3.se\/wp-content\/uploads\/2013\/08\/\u00e5rsredovisning2013.pdf\">\u00c5rsredovisning 2013<\/a><\/li>\n<li><a href=\"http:\/\/brflundvaster3.se\/wp-content\/uploads\/2013\/08\/\u00e5rsredovisning.pdf\">\u00c5rsredovisning 2012<\/a><\/li>\n<\/ul>\n<p><strong>Blanketter<\/strong><\/p>\n<ul>\n<li><a href=\"http:\/\/brflundvaster3.se\/wp-content\/uploads\/2013\/08\/utv\u00e4ndig-komplettering.docx\">Ans\u00f6kan om utv\u00e4ndig komplettering<\/a><\/li>\n<li><a href=\"http:\/\/brflundvaster3.se\/wp-content\/uploads\/2013\/08\/Avtal-avseende-montering-av-markiser.doc\">Avtal avseende montering av markiser<\/a><\/li>\n<li><a href=\"http:\/\/brflundvaster3.se\/wp-content\/uploads\/2013\/08\/Ans\u00f6kan-om-andrahandsuthyrning-2013-11-27.doc\">Ans\u00f6kan om andrahandsuthyrning<\/a><\/li>\n<\/ul>\n<p><strong>Balkonginglasning<\/strong><\/p>\n<ul>\n<li><a href=\"https:\/\/www.brflundvaster3.se\/wp-content\/uploads\/2021\/01\/Avtal-inglasning-av-balkong.pdf\">Avtal balkonginglasning<\/a>. Skriv ut och l\u00e4s igenom avtalet. Tv\u00e5 exemplar av avtalet ska undertecknas och l\u00e4mnas till styrelsen. OBS! F\u00f6rst n\u00e4r styrelsen returnerat ett undertecknat avtal till dig kan du p\u00e5b\u00f6rja arbetet med balkonginglasningen.<\/li>\n<li><a href=\"https:\/\/www.brflundvaster3.se\/wp-content\/uploads\/2021\/01\/Kontrollplan-balkonginglasning.pdf\">Kontrollplan balkonginglasning<\/a>. Kontrollplanen ska fyllas i gemensamt av entrepren\u00f6ren (den som gjort jobbet) och byggherren (du sj\u00e4lv) efter avslutat arbete. D\u00e4refter l\u00e4mnas kontrollplanen ocks\u00e5 till styrelsen.<\/li>\n<\/ul>\n","protected":false},"excerpt":{"rendered":"<p>Information ABC f\u00f6r boende. I detta dokument kan du se vad som g\u00e4ller i f\u00f6reningen f\u00f6r avloppsspolning, garage, tr\u00e4dg\u00e5rdssk\u00f6tsel, \u00e5tervinning och mycket, mycket annat. Sju sidor nyttig l\u00e4sning. Vem ansvarar f\u00f6r underh\u00e5llet? Stadgar\u00a0 Stadgar som g\u00e4ller fr\u00e5n 2023-06-07 Hj\u00e4rtstartare Trivsel- och ordningsregler Energideklaration. Energideklarationen g\u00e4ller t.o.m. 2035-04-25 Extra nycklar Insynsskydd p\u00e5 balkong Sk\u00f6tselp\u00e4rm F\u00f6rs\u00e4kring F\u00f6rs\u00e4kringsbevis &hellip; <a href=\"https:\/\/www.brflundvaster3.se\/?page_id=22\" class=\"more-link\">Forts\u00e4tt l\u00e4sa <span class=\"screen-reader-text\">Dokument<\/span> <span class=\"meta-nav\">&rarr;<\/span><\/a><\/p>\n","protected":false},"author":1,"featured_media":0,"parent":0,"menu_order":0,"comment_status":"closed","ping_status":"closed","template":"","meta":[],"_links":{"self":[{"href":"https:\/\/www.brflundvaster3.se\/index.php?rest_route=\/wp\/v2\/pages\/22"}],"collection":[{"href":"https:\/\/www.brflundvaster3.se\/index.php?rest_route=\/wp\/v2\/pages"}],"about":[{"href":"https:\/\/www.brflundvaster3.se\/index.php?rest_route=\/wp\/v2\/types\/page"}],"author":[{"embeddable":true,"href":"https:\/\/www.brflundvaster3.se\/index.php?rest_route=\/wp\/v2\/users\/1"}],"replies":[{"embeddable":true,"href":"https:\/\/www.brflundvaster3.se\/index.php?rest_route=%2Fwp%2Fv2%2Fcomments&post=22"}],"version-history":[{"count":111,"href":"https:\/\/www.brflundvaster3.se\/index.php?rest_route=\/wp\/v2\/pages\/22\/revisions"}],"predecessor-version":[{"id":850,"href":"https:\/\/www.brflundvaster3.se\/index.php?rest_route=\/wp\/v2\/pages\/22\/revisions\/850"}],"wp:attachment":[{"href":"https:\/\/www.brflundvaster3.se\/index.php?rest_route=%2Fwp%2Fv2%2Fmedia&parent=22"}],"curies":[{"name":"wp","href":"https:\/\/api.w.org\/{rel}","templated":true}]}}