{"id":367,"date":"2016-04-13T18:17:30","date_gmt":"2016-04-13T16:17:30","guid":{"rendered":"http:\/\/www.brflundvaster3.se\/?page_id=367"},"modified":"2016-04-13T18:17:30","modified_gmt":"2016-04-13T16:17:30","slug":"insynsskydd-pa-balkong","status":"publish","type":"page","link":"https:\/\/www.brflundvaster3.se\/?page_id=367","title":{"rendered":"Insynsskydd p\u00e5 balkong"},"content":{"rendered":"<p>Det \u00e4r OK efter anm\u00e4lan till styrelsen att s\u00e4tta frostad plast p\u00e5 balkongr\u00e4ckets insida. OBS. G\u00e4ller endast balkongr\u00e4cket och inte p\u00e5 insidan av ev. inglasad balkong.<\/p>\n","protected":false},"excerpt":{"rendered":"<p>Det \u00e4r OK efter anm\u00e4lan till styrelsen att s\u00e4tta frostad plast p\u00e5 balkongr\u00e4ckets insida. OBS. G\u00e4ller endast balkongr\u00e4cket och inte p\u00e5 insidan av ev. inglasad balkong.<\/p>\n","protected":false},"author":1,"featured_media":0,"parent":0,"menu_order":0,"comment_status":"closed","ping_status":"closed","template":"","meta":[],"_links":{"self":[{"href":"https:\/\/www.brflundvaster3.se\/index.php?rest_route=\/wp\/v2\/pages\/367"}],"collection":[{"href":"https:\/\/www.brflundvaster3.se\/index.php?rest_route=\/wp\/v2\/pages"}],"about":[{"href":"https:\/\/www.brflundvaster3.se\/index.php?rest_route=\/wp\/v2\/types\/page"}],"author":[{"embeddable":true,"href":"https:\/\/www.brflundvaster3.se\/index.php?rest_route=\/wp\/v2\/users\/1"}],"replies":[{"embeddable":true,"href":"https:\/\/www.brflundvaster3.se\/index.php?rest_route=%2Fwp%2Fv2%2Fcomments&post=367"}],"version-history":[{"count":1,"href":"https:\/\/www.brflundvaster3.se\/index.php?rest_route=\/wp\/v2\/pages\/367\/revisions"}],"predecessor-version":[{"id":369,"href":"https:\/\/www.brflundvaster3.se\/index.php?rest_route=\/wp\/v2\/pages\/367\/revisions\/369"}],"wp:attachment":[{"href":"https:\/\/www.brflundvaster3.se\/index.php?rest_route=%2Fwp%2Fv2%2Fmedia&parent=367"}],"curies":[{"name":"wp","href":"https:\/\/api.w.org\/{rel}","templated":true}]}}