{"id":412,"date":"2017-01-20T12:09:50","date_gmt":"2017-01-20T11:09:50","guid":{"rendered":"http:\/\/www.brflundvaster3.se\/?page_id=412"},"modified":"2023-10-05T11:05:43","modified_gmt":"2023-10-05T09:05:43","slug":"hjartstartare","status":"publish","type":"page","link":"https:\/\/www.brflundvaster3.se\/","title":{"rendered":"V\u00e4lkommen till Brf Lund V\u00e4ster 3"},"content":{"rendered":"<div class=\"gmail_msg\">Brf Lund V\u00e4ster 3 ligger p\u00e5 Grisslev\u00e4gen cirka 10 minuters promenad fr\u00e5n Lunds j\u00e4rnv\u00e4gsstation. Husen f\u00e4rdigst\u00e4lldes 2013. Vill du veta mer om oss? Klicka p\u00e5 l\u00e4nkarna ovan.<\/div>\n<div class=\"gmail_msg\"><\/div>\n<div class=\"gmail_msg\"><\/div>\n<div class=\"gmail_msg\"><\/div>\n<div class=\"gmail_msg\"><\/div>\n","protected":false},"excerpt":{"rendered":"<p>Brf Lund V\u00e4ster 3 ligger p\u00e5 Grisslev\u00e4gen cirka 10 minuters promenad fr\u00e5n Lunds j\u00e4rnv\u00e4gsstation. Husen f\u00e4rdigst\u00e4lldes 2013. Vill du veta mer om oss? Klicka p\u00e5 l\u00e4nkarna ovan.<\/p>\n","protected":false},"author":1,"featured_media":0,"parent":0,"menu_order":0,"comment_status":"closed","ping_status":"closed","template":"","meta":[],"_links":{"self":[{"href":"https:\/\/www.brflundvaster3.se\/index.php?rest_route=\/wp\/v2\/pages\/412"}],"collection":[{"href":"https:\/\/www.brflundvaster3.se\/index.php?rest_route=\/wp\/v2\/pages"}],"about":[{"href":"https:\/\/www.brflundvaster3.se\/index.php?rest_route=\/wp\/v2\/types\/page"}],"author":[{"embeddable":true,"href":"https:\/\/www.brflundvaster3.se\/index.php?rest_route=\/wp\/v2\/users\/1"}],"replies":[{"embeddable":true,"href":"https:\/\/www.brflundvaster3.se\/index.php?rest_route=%2Fwp%2Fv2%2Fcomments&post=412"}],"version-history":[{"count":28,"href":"https:\/\/www.brflundvaster3.se\/index.php?rest_route=\/wp\/v2\/pages\/412\/revisions"}],"predecessor-version":[{"id":834,"href":"https:\/\/www.brflundvaster3.se\/index.php?rest_route=\/wp\/v2\/pages\/412\/revisions\/834"}],"wp:attachment":[{"href":"https:\/\/www.brflundvaster3.se\/index.php?rest_route=%2Fwp%2Fv2%2Fmedia&parent=412"}],"curies":[{"name":"wp","href":"https:\/\/api.w.org\/{rel}","templated":true}]}}