{"id":436,"date":"2018-04-15T16:58:08","date_gmt":"2018-04-15T14:58:08","guid":{"rendered":"http:\/\/www.brflundvaster3.se\/?page_id=436"},"modified":"2023-05-18T22:52:13","modified_gmt":"2023-05-18T20:52:13","slug":"extra-nyckel","status":"publish","type":"page","link":"https:\/\/www.brflundvaster3.se\/?page_id=436","title":{"rendered":"Extra nyckel"},"content":{"rendered":"<div><b>Extra nyckel (Certego)<\/b><\/div>\n<div>Registrerad medlem i Brf LV3 l\u00e4mnar en best\u00e4llning till Styrelsen genom att skicka ett mejl till v\u00e5r info-adress.<\/div>\n<div>Best\u00e4llning ska inneh\u00e5lla f\u00f6ljande:<\/div>\n<div>\n<ul class=\"m_4570452104044758833MailOutline\">\n<li>Namn (p\u00e5 den som h\u00e4mtar nyckeln) samt vilken l\u00e4genhet det g\u00e4ller (t.ex. 12-1505)<\/li>\n<li>Personnummer (p\u00e5 den som h\u00e4mtar nyckeln)<\/li>\n<li>Mobilnummer (till den som h\u00e4mtar nyckeln)<\/li>\n<li>ID-nr p\u00e5 den befintliga nyckeln (ex: GMS 485, 4L8)<\/li>\n<\/ul>\n<div>Nyckeln h\u00e4mtas och betalas med kort hos <a href=\"https:\/\/www.certego.se\/sv\/site\/certegose\/hitta-oss\/lund\/\" target=\"_blank\" rel=\"noopener\">CERTEGO<\/a>. De ringer eller skickar SMS n\u00e4r nyckeln \u00e4r klar. Legitimation ska visas i samband med att nyckel l\u00e4mnas ut.<\/div>\n<\/div>\n","protected":false},"excerpt":{"rendered":"<p>Extra nyckel (Certego) Registrerad medlem i Brf LV3 l\u00e4mnar en best\u00e4llning till Styrelsen genom att skicka ett mejl till v\u00e5r info-adress. Best\u00e4llning ska inneh\u00e5lla f\u00f6ljande: Namn (p\u00e5 den som h\u00e4mtar nyckeln) samt vilken l\u00e4genhet det g\u00e4ller (t.ex. 12-1505) Personnummer (p\u00e5 den som h\u00e4mtar nyckeln) Mobilnummer (till den som h\u00e4mtar nyckeln) ID-nr p\u00e5 den befintliga nyckeln &hellip; <a href=\"https:\/\/www.brflundvaster3.se\/?page_id=436\" class=\"more-link\">Forts\u00e4tt l\u00e4sa <span class=\"screen-reader-text\">Extra nyckel<\/span> <span class=\"meta-nav\">&rarr;<\/span><\/a><\/p>\n","protected":false},"author":1,"featured_media":0,"parent":22,"menu_order":0,"comment_status":"closed","ping_status":"closed","template":"","meta":[],"_links":{"self":[{"href":"https:\/\/www.brflundvaster3.se\/index.php?rest_route=\/wp\/v2\/pages\/436"}],"collection":[{"href":"https:\/\/www.brflundvaster3.se\/index.php?rest_route=\/wp\/v2\/pages"}],"about":[{"href":"https:\/\/www.brflundvaster3.se\/index.php?rest_route=\/wp\/v2\/types\/page"}],"author":[{"embeddable":true,"href":"https:\/\/www.brflundvaster3.se\/index.php?rest_route=\/wp\/v2\/users\/1"}],"replies":[{"embeddable":true,"href":"https:\/\/www.brflundvaster3.se\/index.php?rest_route=%2Fwp%2Fv2%2Fcomments&post=436"}],"version-history":[{"count":6,"href":"https:\/\/www.brflundvaster3.se\/index.php?rest_route=\/wp\/v2\/pages\/436\/revisions"}],"predecessor-version":[{"id":713,"href":"https:\/\/www.brflundvaster3.se\/index.php?rest_route=\/wp\/v2\/pages\/436\/revisions\/713"}],"up":[{"embeddable":true,"href":"https:\/\/www.brflundvaster3.se\/index.php?rest_route=\/wp\/v2\/pages\/22"}],"wp:attachment":[{"href":"https:\/\/www.brflundvaster3.se\/index.php?rest_route=%2Fwp%2Fv2%2Fmedia&parent=436"}],"curies":[{"name":"wp","href":"https:\/\/api.w.org\/{rel}","templated":true}]}}