{"id":6,"date":"2013-08-17T15:17:44","date_gmt":"2013-08-17T13:17:44","guid":{"rendered":"http:\/\/brflundvaster3.se\/?page_id=6"},"modified":"2013-08-22T21:10:03","modified_gmt":"2013-08-22T19:10:03","slug":"om-oss","status":"publish","type":"page","link":"https:\/\/www.brflundvaster3.se\/?page_id=6","title":{"rendered":"Om oss"},"content":{"rendered":"<p>&nbsp;<\/p>\n<p><i>Bostadsr\u00e4ttsf\u00f6reningen Lund V\u00e4ster 3, Lund, har som \u00e4ndam\u00e5l att fr\u00e4mja medlemmarnas ekonomiska intressen genom att i f\u00f6reningens hus uppl\u00e5ta bostadsl\u00e4genheter och mark med nyttjander\u00e4tt och utan tidsbegr\u00e4nsning.<\/i><\/p>\n<ul>\n<li><b>Adress<\/b>\u00a0Grisslev\u00e4gen 8, 10, 12 och 14, 227 32 Lund<\/li>\n<li><b>Fastighetsbeteckning<\/b>\u00a0M\u00e5sen 16, Lund<\/li>\n<li><b>Tomtens areal<\/b>\u00a05649 m\u00b2<\/li>\n<li><b>Boarea<\/b>\u00a0ca\u00a05832 m\u00b2<\/li>\n<li><b>Antal bostadsl\u00e4genheter<\/b>\u00a066 st<\/li>\n<li><b>Antal garageplatser<\/b>\u00a066 st<\/li>\n<li><b>Inflyttning p\u00e5b\u00f6rjades<\/b>\u00a0mars \u00a02013<\/li>\n<\/ul>\n<p><a title=\"Ut\u00f6kad information, m\u00e4klarinformation\" href=\"http:\/\/brflundvaster3.se\/?page_id=8\">Ut\u00f6kad information, m\u00e4klarinformation<\/a><\/p>\n<p>3D-bilden publicerad med tillst\u00e5nd av Dynagraf<\/p>\n","protected":false},"excerpt":{"rendered":"<p>&nbsp; Bostadsr\u00e4ttsf\u00f6reningen Lund V\u00e4ster 3, Lund, har som \u00e4ndam\u00e5l att fr\u00e4mja medlemmarnas ekonomiska intressen genom att i f\u00f6reningens hus uppl\u00e5ta bostadsl\u00e4genheter och mark med nyttjander\u00e4tt och utan tidsbegr\u00e4nsning. Adress\u00a0Grisslev\u00e4gen 8, 10, 12 och 14, 227 32 Lund Fastighetsbeteckning\u00a0M\u00e5sen 16, Lund Tomtens areal\u00a05649 m\u00b2 Boarea\u00a0ca\u00a05832 m\u00b2 Antal bostadsl\u00e4genheter\u00a066 st Antal garageplatser\u00a066 st Inflyttning p\u00e5b\u00f6rjades\u00a0mars \u00a02013 Ut\u00f6kad &hellip; <a href=\"https:\/\/www.brflundvaster3.se\/?page_id=6\" class=\"more-link\">Forts\u00e4tt l\u00e4sa <span class=\"screen-reader-text\">Om oss<\/span> <span class=\"meta-nav\">&rarr;<\/span><\/a><\/p>\n","protected":false},"author":1,"featured_media":0,"parent":0,"menu_order":0,"comment_status":"closed","ping_status":"closed","template":"","meta":[],"_links":{"self":[{"href":"https:\/\/www.brflundvaster3.se\/index.php?rest_route=\/wp\/v2\/pages\/6"}],"collection":[{"href":"https:\/\/www.brflundvaster3.se\/index.php?rest_route=\/wp\/v2\/pages"}],"about":[{"href":"https:\/\/www.brflundvaster3.se\/index.php?rest_route=\/wp\/v2\/types\/page"}],"author":[{"embeddable":true,"href":"https:\/\/www.brflundvaster3.se\/index.php?rest_route=\/wp\/v2\/users\/1"}],"replies":[{"embeddable":true,"href":"https:\/\/www.brflundvaster3.se\/index.php?rest_route=%2Fwp%2Fv2%2Fcomments&post=6"}],"version-history":[{"count":7,"href":"https:\/\/www.brflundvaster3.se\/index.php?rest_route=\/wp\/v2\/pages\/6\/revisions"}],"predecessor-version":[{"id":119,"href":"https:\/\/www.brflundvaster3.se\/index.php?rest_route=\/wp\/v2\/pages\/6\/revisions\/119"}],"wp:attachment":[{"href":"https:\/\/www.brflundvaster3.se\/index.php?rest_route=%2Fwp%2Fv2%2Fmedia&parent=6"}],"curies":[{"name":"wp","href":"https:\/\/api.w.org\/{rel}","templated":true}]}}