{"id":8,"date":"2013-08-22T20:40:02","date_gmt":"2013-08-22T18:40:02","guid":{"rendered":"http:\/\/brflundvaster3.se\/?page_id=8"},"modified":"2025-05-13T20:29:51","modified_gmt":"2025-05-13T18:29:51","slug":"utokad-informaton","status":"publish","type":"page","link":"https:\/\/www.brflundvaster3.se\/?page_id=8","title":{"rendered":"Ut\u00f6kad information"},"content":{"rendered":"<p><b>Avgift<\/b><br \/>M\u00e5nadsavgift till f\u00f6reningen aviseras kvartalsvis med f\u00f6ljande omfattning:<\/p>\n<ul>\n<li>\u00c5rsavgift bostad (d\u00e4r v\u00e4rme, kallvatten och sophantering ing\u00e5r)<\/li>\n<li>Internet, telefon och tv (se <i>Internet, telefon och tv<\/i>)<\/li>\n<li>Varmvattenavr\u00e4kning (se <i>Vatten, v\u00e4rme, ventilation<\/i>)<\/li>\n<li>Elavr\u00e4kning (se El)<\/li>\n<li>Ev. garageplats f\u00f6r bil\/MC (se <i>Garageplats<\/i>)<\/li>\n<li>Ev. \u00f6vriga avgifter (se <i>\u00d6vrigt \u2013 Medlemskap, avgifter<\/i>\u2026)<\/li>\n<\/ul>\n<p><b>Avgiftsh\u00f6jningar<\/b><b><br \/><\/b>F\u00f6r n\u00e4rvarande (2024) \u00e4r inga avgiftsh\u00f6jningar planerade.<\/p>\n<p><b>El<\/b><b><br \/><\/b>F\u00f6reningen har ett gemensamt elabonnemang men varje l\u00e4genhet har individuell avl\u00e4sning. Detta inneb\u00e4r att f\u00f6rbrukad el per kWh debiteras kvartalsvis tillsammans med avgiften.<\/p>\n<p><b>F\u00f6rvaring<\/b><\/p>\n<ul>\n<li>F\u00f6rr\u00e5d \u2013 eget k\u00e4llarf\u00f6rr\u00e5d ing\u00e5r i avgift f\u00f6r l\u00e4genhet. F\u00f6reningen erbjuder inte uthyrning av extra f\u00f6rr\u00e5d.<\/li>\n<li>Cykelf\u00f6rr\u00e5d &#8211; gemensamt l\u00e5st f\u00f6rr\u00e5d finns p\u00e5 fyra platser i markplan samt i k\u00e4llaren i anslutning till garaget.<\/li>\n<li>Rullstolsf\u00f6rr\u00e5d med eluttag och barnvagnsrum &#8211; finns i k\u00e4llare i respektive byggnad.<\/li>\n<li>Gemensamhetslokal finns i k\u00e4llaren till Grisslev\u00e4gen 8 med gym, hobbyverkstad och bokl\u00e5da.<\/li>\n<\/ul>\n<p><b>Garageplats<\/b><b><br \/><\/b>Underjordiskt garage med infart fr\u00e5n Starv\u00e4gen 19. F\u00f6reningen disponerar 66 \u00a0garageplatser f\u00f6r bil, varav 16 med laddm\u00f6jlighet f\u00f6r elbilar. Antalet handikapp-platser \u00e4r 3. Fj\u00e4rrkontroll f\u00f6r passage ing\u00e5r i hyreskontrakt garage.<\/p>\n<p>Hyra av bilplats 650 kr\/m\u00e5n. F\u00f6r laddplatser tillkommer 250 kr\/m\u00e5n samt kostnad f\u00f6r f\u00f6rbrukad el.<\/p>\n<p><b>Internet, telefon och tv<\/b><b><br \/><\/b>Avgift f\u00f6r Telia triple-play (internet, telefon och tv) tillkommer p\u00e5 f\u00f6reningens avgift med f\u00f6r n\u00e4rvarande 225 kr\/m\u00e5n. D\u00e5 ing\u00e5r:<\/p>\n<ul>\n<li>Telia Bredband FiberLan (1000 Mbit\/s ner och 1000 Mbit\/s upp)<\/li>\n<li>Telia Bredbandstelefoni (fasta abonnemangsavgiften)<\/li>\n<li>Telia Digitaltv (kanalpaket Bas)<\/li>\n<\/ul>\n<p>Eventuell ut\u00f6kning av inneh\u00e5llet debiteras den enskilde med faktura direkt fr\u00e5n Telia. Digitalboxen f\u00f6r TV och allt som ing\u00e5r i IT-sk\u00e5pet tillh\u00f6r f\u00f6reningen och skall vara kvar i l\u00e4genheten vid avflyttning.<\/p>\n<p><b>Parkering i omr\u00e5det, ta emot g\u00e4ster<\/b><\/p>\n<ul>\n<li>G\u00e4stparkering vid k\u00e4llsortering n\u00e4ra Grisslev\u00e4gen 11 samt markerade platser l\u00e4ngs gatan. Dagtid mobilparkering via app (MobilPark), kv\u00e4llstid 6 timmars parkering mot p-skiva.<\/li>\n<li>P-plats f\u00f6r r\u00f6relsehindrade med s\u00e4rskilt parkeringstillst\u00e5nd finns utanf\u00f6r Grisslev\u00e4gen 4 och 6.<\/li>\n<li>Allm\u00e4n parkering vid korsningen Starv\u00e4gen\/H\u00f6kv\u00e4gen.<\/li>\n<li>Tillf\u00e4llig parkeringsplats kan hyras av f\u00f6reningen i m\u00e5n av tillg\u00e4nglighet f\u00f6r 50:- per dygn. Kontakta styrelsen f\u00f6r mer info.<\/li>\n<\/ul>\n<p><b>Renoveringar<\/b><b><br \/><\/b>Genomf\u00f6rt:<br \/>2013 \u2013 nybyggda bost\u00e4der f\u00e4rdigst\u00e4llda.<br \/>2013 \u2013 byggentrepren\u00f6rs f\u00e4rdigst\u00e4llande och \u00f6verl\u00e4mnande av utemilj\u00f6 s\u00e5som cykelf\u00f6rr\u00e5d, handikapparkering och sopkasuner vid Grisslev\u00e4gen 2 och 11, samt innerg\u00e5rd som delas med Lund V\u00e4ster 2 m.m.<br \/>2019 \u2013 m\u00e5lning av tr\u00e4detaljer p\u00e5 fasaden samt av entr\u00e9plan.<br \/>2020 \u2013 Installation av solceller p\u00e5 taket samt \u00e5tta laddplatser i garaget.<br \/>2022 &#8211; Antalet laddplatser ut\u00f6kades till totalt 16.<br \/>2024 &#8211; Fasaderna sanerades p\u00e5 r\u00f6dalger och behandlades f\u00f6r att bromsa framtida angrepp.<br \/>2024 &#8211; Installation av nytt l\u00e5ssystem till allm\u00e4nna utrymme.<br \/>2024 &#8211; Avgasnings- och tryckh\u00e5llningssystem till radiatorsystemet utbytt.<\/p>\n<p><b>Sopor och avfall<\/b><b><br \/><\/b>Mellan Grisslev\u00e4gen 8 och 10 finns utrymme med sopk\u00e4rl f\u00f6r restavfall och matavfall. P\u00e5 <b>k\u00e4llsorteringen <\/b>(parkeringarna vid Grisslev\u00e4gen 11 samt 2) finns plats f\u00f6r metall-, plast-, pappersf\u00f6rpackningar, tidningar, f\u00e4rgat\/of\u00e4rgat glas och batterier. F\u00f6r \u00f6vrigt avfall\u00a0h\u00e4nvisas till <b>\u00e5tervinningscentral<\/b>, t.ex. Gunnesbo \u00e5tervinningscentral p\u00e5 Traktorv\u00e4gen 18, Lund. Se \u00e4ven\u00a0<a href=\"https:\/\/www.sysav.se\/Privat\/\">https:\/\/www.sysav.se\/Privat\/<\/a>.<\/p>\n<p><b>Vatten, v\u00e4rme, ventilation<\/b><b><br \/><\/b>Kallvatten ing\u00e5r i f\u00f6reningens avgift. Avgift f\u00f6r varmvatten tillkommer (individuell m\u00e4tning).<\/p>\n<p>Central fr\u00e5nluftsv\u00e4rmepump i respektive byggnad &#8211; v\u00e4rmer vatten till radiatorkretsen och tappvarmvatten. N\u00e4r den \u00e5tervunna v\u00e4rmen inte r\u00e4cker till kompletteras systemet med fj\u00e4rrv\u00e4rme. V\u00e4rme ing\u00e5r i avgiften till f\u00f6reningen.<\/p>\n<p>Friskluftsintag i l\u00e4genheter placerade bakom radiatorer \u00e4r utrustade med filter. F\u00f6reningen tillhandah\u00e5ller nya filter <em>vartannat \u00e5r<\/em>. Medlemmen ansvarar f\u00f6r byte och reng\u00f6ring av filter. Kontroll och reng\u00f6ring rekommenderas att g\u00f6ra <em>en g\u00e5ng per \u00e5r<\/em>.<\/p>\n<p><b>\u00d6vrigt \u2013 Medlemskap, avgifter, \u00e5rsredovisning m.m.<\/b><b><br \/><\/b>Se f\u00f6reningens stadgar, ordningsregler\u00a0och \u00e5rsredovisning p\u00e5 sida <a title=\"Dokument\" href=\"http:\/\/brflundvaster3.se\/?page_id=22\">Dokument<\/a>.<\/p>\n<p>Delat \u00e4gande \u00e4r inte till\u00e5tet f\u00f6rutom mellan makar och sambo.<\/p>\n<p>Medlemsans\u00f6kan skickas till f\u00f6reningens adress, se sida <a title=\"Kontakt\" href=\"http:\/\/brflundvaster3.se\/?page_id=10\">Kontakt.<\/a><\/p>\n\n\n<p><\/p>\n","protected":false},"excerpt":{"rendered":"<p>AvgiftM\u00e5nadsavgift till f\u00f6reningen aviseras kvartalsvis med f\u00f6ljande omfattning: \u00c5rsavgift bostad (d\u00e4r v\u00e4rme, kallvatten och sophantering ing\u00e5r) Internet, telefon och tv (se Internet, telefon och tv) Varmvattenavr\u00e4kning (se Vatten, v\u00e4rme, ventilation) Elavr\u00e4kning (se El) Ev. garageplats f\u00f6r bil\/MC (se Garageplats) Ev. \u00f6vriga avgifter (se \u00d6vrigt \u2013 Medlemskap, avgifter\u2026) Avgiftsh\u00f6jningarF\u00f6r n\u00e4rvarande (2024) \u00e4r inga avgiftsh\u00f6jningar planerade. ElF\u00f6reningen &hellip; <a href=\"https:\/\/www.brflundvaster3.se\/?page_id=8\" class=\"more-link\">Forts\u00e4tt l\u00e4sa <span class=\"screen-reader-text\">Ut\u00f6kad information<\/span> <span class=\"meta-nav\">&rarr;<\/span><\/a><\/p>\n","protected":false},"author":1,"featured_media":0,"parent":6,"menu_order":0,"comment_status":"closed","ping_status":"closed","template":"","meta":[],"_links":{"self":[{"href":"https:\/\/www.brflundvaster3.se\/index.php?rest_route=\/wp\/v2\/pages\/8"}],"collection":[{"href":"https:\/\/www.brflundvaster3.se\/index.php?rest_route=\/wp\/v2\/pages"}],"about":[{"href":"https:\/\/www.brflundvaster3.se\/index.php?rest_route=\/wp\/v2\/types\/page"}],"author":[{"embeddable":true,"href":"https:\/\/www.brflundvaster3.se\/index.php?rest_route=\/wp\/v2\/users\/1"}],"replies":[{"embeddable":true,"href":"https:\/\/www.brflundvaster3.se\/index.php?rest_route=%2Fwp%2Fv2%2Fcomments&post=8"}],"version-history":[{"count":32,"href":"https:\/\/www.brflundvaster3.se\/index.php?rest_route=\/wp\/v2\/pages\/8\/revisions"}],"predecessor-version":[{"id":820,"href":"https:\/\/www.brflundvaster3.se\/index.php?rest_route=\/wp\/v2\/pages\/8\/revisions\/820"}],"up":[{"embeddable":true,"href":"https:\/\/www.brflundvaster3.se\/index.php?rest_route=\/wp\/v2\/pages\/6"}],"wp:attachment":[{"href":"https:\/\/www.brflundvaster3.se\/index.php?rest_route=%2Fwp%2Fv2%2Fmedia&parent=8"}],"curies":[{"name":"wp","href":"https:\/\/api.w.org\/{rel}","templated":true}]}}